{"id":1372,"date":"2026-01-12T14:44:18","date_gmt":"2026-01-12T14:44:18","guid":{"rendered":"https:\/\/tauchsportclub-mettingen.com\/?page_id=1372"},"modified":"2026-01-12T15:15:13","modified_gmt":"2026-01-12T15:15:13","slug":"tauchkurse","status":"publish","type":"page","link":"https:\/\/tauchsportclub-mettingen.com\/index.php\/tauchkurse\/","title":{"rendered":"Tauchkurse"},"content":{"rendered":"\n<figure class=\"wp-block-image alignfull size-full\"><img loading=\"lazy\" decoding=\"async\" width=\"1023\" height=\"339\" src=\"https:\/\/tauchsportclub-mettingen.com\/wp-content\/uploads\/2026\/01\/Zwischenablage02.jpg\" alt=\"\" class=\"wp-image-1378\" srcset=\"https:\/\/tauchsportclub-mettingen.com\/wp-content\/uploads\/2026\/01\/Zwischenablage02.jpg 1023w, https:\/\/tauchsportclub-mettingen.com\/wp-content\/uploads\/2026\/01\/Zwischenablage02-300x99.jpg 300w, https:\/\/tauchsportclub-mettingen.com\/wp-content\/uploads\/2026\/01\/Zwischenablage02-768x254.jpg 768w\" sizes=\"auto, (max-width: 1023px) 100vw, 1023px\" \/><\/figure>\n\n\n\n<p>Tauchen macht <strong>Spa\u00df<\/strong> \u2013 und der erste Schritt in dein Unterwasserabenteuer kann direkt in Mettingen beginnen.<\/p>\n\n\n\n<h2 class=\"wp-block-heading\" id=\"erste-schritte-im-hallenbad-mettingen\">Erste Schritte im Hallenbad Mettingen<\/h2>\n\n\n\n<ul class=\"wp-block-list\">\n<li>Die ersten \u00dcbungsstunden finden sicher und entspannt im warmen Hallenbad statt, wo du dich Schritt f\u00fcr Schritt an die Ausr\u00fcstung und das Atmen unter Wasser gew\u00f6hnst.\u200b<\/li>\n\n\n\n<li>Erfahrene Tauchlehrer aus dem Tauchsportclub Mettingen begleiten dich dabei, erkl\u00e4ren dir alles in Ruhe und sorgen daf\u00fcr, dass der Spa\u00df immer im Vordergrund steht.tauchsportclub-mettingen\u200b.<\/li>\n<\/ul>\n\n\n\n<h2 class=\"wp-block-heading\" id=\"vom-hallenbad-ins-freiwasser\">Vom Hallenbad ins Freiwasser<\/h2>\n\n\n\n<ul class=\"wp-block-list\">\n<li>Nach den ersten \u00dcbungsstunden im Hallenbad folgen die anschlie\u00dfenden Freiwassertauchg\u00e4nge, bei denen du das Gelernte in See  anwendest und echte Unterwasserwelt entdeckst.\u200b<\/li>\n\n\n\n<li>Diese Freiwasserlektionen geh\u00f6ren fest zur Grundausbildung und zeigen dir, wie vielseitig und faszinierend Tauchen drau\u00dfen in der Natur sein kann.\u200b<\/li>\n<\/ul>\n\n\n\n<h2 class=\"wp-block-heading\" id=\"weltweit-gltige-ausbildung\">Weltweit g\u00fcltige Ausbildung<\/h2>\n\n\n\n<ul class=\"wp-block-list\">\n<li>Die Ausbildung orientiert sich an international anerkannten Standards, sodass dein Tauchschein weltweit g\u00fcltig ist und du fast \u00fcberall auf der Welt tauchen gehen kannst.\u200b<\/li>\n\n\n\n<li>Mit einem solchen Brevet kannst du dir im Urlaub Ausr\u00fcstung leihen, an Tauchg\u00e4ngen teilnehmen und neue Reiseziele gezielt nach spannenden Tauchspots aussuchen.<\/li>\n<\/ul>\n\n\n<style>.wp-block-kadence-column.kb-section-dir-horizontal > .kt-inside-inner-col > .kt-info-box1372_f08d15-a1 .kt-blocks-info-box-link-wrap{max-width:unset;}.kt-info-box1372_f08d15-a1 .kt-blocks-info-box-link-wrap{padding-top:var(--global-kb-spacing-xs, 1rem);padding-right:var(--global-kb-spacing-xs, 1rem);padding-bottom:var(--global-kb-spacing-xs, 1rem);padding-left:var(--global-kb-spacing-xs, 1rem);}.kt-info-box1372_f08d15-a1 .kadence-info-box-icon-container .kt-info-svg-icon, .kt-info-box1372_f08d15-a1 .kt-info-svg-icon-flip, .kt-info-box1372_f08d15-a1 .kt-blocks-info-box-number{font-size:50px;}.kt-info-box1372_f08d15-a1 .kt-blocks-info-box-media{border-top-width:0px;border-right-width:0px;border-bottom-width:0px;border-left-width:0px;padding-top:10px;padding-right:10px;padding-bottom:10px;padding-left:10px;}.kt-info-box1372_f08d15-a1 .kt-blocks-info-box-media-container{margin-top:0px;margin-right:15px;margin-bottom:0px;margin-left:15px;}.kt-info-box1372_f08d15-a1 .kt-blocks-info-box-learnmore{background:transparent;border-width:0px 0px 0px 0px;padding-top:4px;padding-right:8px;padding-bottom:4px;padding-left:8px;margin-top:10px;margin-right:0px;margin-bottom:10px;margin-left:0px;}<\/style>\n<div class=\"wp-block-kadence-infobox kt-info-box1372_f08d15-a1\"><span class=\"kt-blocks-info-box-link-wrap info-box-link kt-blocks-info-box-media-align-top kt-info-halign-center\"><div class=\"kt-blocks-info-box-media-container\"><div class=\"kt-blocks-info-box-media kt-info-media-animate-none\"><div class=\"kadence-info-box-icon-container kt-info-icon-animate-none\"><div class=\"kadence-info-box-icon-inner-container\"><span class=\"kb-svg-icon-wrap kb-svg-icon-fe_phoneCall kt-info-svg-icon\"><svg viewBox=\"0 0 24 24\"  fill=\"none\" stroke=\"currentColor\" stroke-width=\"2\" stroke-linecap=\"round\" stroke-linejoin=\"round\" xmlns=\"http:\/\/www.w3.org\/2000\/svg\"  aria-hidden=\"true\"><path d=\"M15.05 5A5 5 0 0 1 19 8.95M15.05 1A9 9 0 0 1 23 8.94m-1 7.98v3a2 2 0 0 1-2.18 2 19.79 19.79 0 0 1-8.63-3.07 19.5 19.5 0 0 1-6-6 19.79 19.79 0 0 1-3.07-8.67A2 2 0 0 1 4.11 2h3a2 2 0 0 1 2 1.72 12.84 12.84 0 0 0 .7 2.81 2 2 0 0 1-.45 2.11L8.09 9.91a16 16 0 0 0 6 6l1.27-1.27a2 2 0 0 1 2.11-.45 12.84 12.84 0 0 0 2.81.7A2 2 0 0 1 22 16.92z\"\/><\/svg><\/span><\/div><\/div><\/div><\/div><div class=\"kt-infobox-textcontent\"><h2 class=\"kt-blocks-info-box-title\"><\/h2><p class=\"kt-blocks-info-box-text\"><br>Rainer Henning \u2013&gt; 0173\/1832346<\/p><\/div><\/span><\/div>\n","protected":false},"excerpt":{"rendered":"<p>Tauchen macht Spa\u00df \u2013 und der erste Schritt in dein Unterwasserabenteuer kann direkt in Mettingen beginnen. Erste Schritte im Hallenbad Mettingen Vom Hallenbad ins Freiwasser Weltweit g\u00fcltige Ausbildung<\/p>\n","protected":false},"author":2,"featured_media":1341,"parent":0,"menu_order":0,"comment_status":"closed","ping_status":"closed","template":"","meta":{"_EventAllDay":false,"_EventTimezone":"","_EventStartDate":"","_EventEndDate":"","_EventStartDateUTC":"","_EventEndDateUTC":"","_EventShowMap":false,"_EventShowMapLink":false,"_EventURL":"","_EventCost":"","_EventCostDescription":"","_EventCurrencySymbol":"","_EventCurrencyCode":"","_EventCurrencyPosition":"","_EventDateTimeSeparator":"","_EventTimeRangeSeparator":"","_EventOrganizerID":[],"_EventVenueID":[],"_OrganizerEmail":"","_OrganizerPhone":"","_OrganizerWebsite":"","_VenueAddress":"","_VenueCity":"","_VenueCountry":"","_VenueProvince":"","_VenueState":"","_VenueZip":"","_VenuePhone":"","_VenueURL":"","_VenueStateProvince":"","_VenueLat":"","_VenueLng":"","_VenueShowMap":false,"_VenueShowMapLink":false,"_kadence_starter_templates_imported_post":false,"_kad_post_transparent":"","_kad_post_title":"","_kad_post_layout":"","_kad_post_sidebar_id":"","_kad_post_content_style":"","_kad_post_vertical_padding":"","_kad_post_feature":"","_kad_post_feature_position":"","_kad_post_header":false,"_kad_post_footer":false,"footnotes":""},"class_list":["post-1372","page","type-page","status-publish","has-post-thumbnail","hentry"],"yoast_head":"<!-- This site is optimized with the Yoast SEO plugin v24.1 - https:\/\/yoast.com\/wordpress\/plugins\/seo\/ -->\n<title>Tauchkurse - Tauchsportclub Mettingen<\/title>\n<meta name=\"robots\" content=\"index, follow, max-snippet:-1, max-image-preview:large, max-video-preview:-1\" \/>\n<link rel=\"canonical\" href=\"https:\/\/tauchsportclub-mettingen.com\/index.php\/tauchkurse\/\" \/>\n<meta property=\"og:locale\" content=\"de_DE\" \/>\n<meta property=\"og:type\" content=\"article\" \/>\n<meta property=\"og:title\" content=\"Tauchkurse - Tauchsportclub Mettingen\" \/>\n<meta property=\"og:description\" content=\"Tauchen macht Spa\u00df \u2013 und der erste Schritt in dein Unterwasserabenteuer kann direkt in Mettingen beginnen. Erste Schritte im Hallenbad Mettingen Vom Hallenbad ins Freiwasser Weltweit g\u00fcltige Ausbildung\" \/>\n<meta property=\"og:url\" content=\"https:\/\/tauchsportclub-mettingen.com\/index.php\/tauchkurse\/\" \/>\n<meta property=\"og:site_name\" content=\"Tauchsportclub Mettingen\" \/>\n<meta property=\"article:modified_time\" content=\"2026-01-12T15:15:13+00:00\" \/>\n<meta property=\"og:image\" content=\"https:\/\/tauchsportclub-mettingen.com\/wp-content\/uploads\/2024\/01\/WhatsApp-Image-2023-05-09-at-21.55.29.jpeg\" \/>\n\t<meta property=\"og:image:width\" content=\"1024\" \/>\n\t<meta property=\"og:image:height\" content=\"768\" \/>\n\t<meta property=\"og:image:type\" content=\"image\/jpeg\" \/>\n<meta name=\"twitter:card\" content=\"summary_large_image\" \/>\n<meta name=\"twitter:label1\" content=\"Gesch\u00e4tzte Lesezeit\" \/>\n\t<meta name=\"twitter:data1\" content=\"2\u00a0Minuten\" \/>\n<script type=\"application\/ld+json\" class=\"yoast-schema-graph\">{\"@context\":\"https:\/\/schema.org\",\"@graph\":[{\"@type\":\"WebPage\",\"@id\":\"https:\/\/tauchsportclub-mettingen.com\/index.php\/tauchkurse\/\",\"url\":\"https:\/\/tauchsportclub-mettingen.com\/index.php\/tauchkurse\/\",\"name\":\"Tauchkurse - Tauchsportclub Mettingen\",\"isPartOf\":{\"@id\":\"https:\/\/tauchsportclub-mettingen.com\/#website\"},\"primaryImageOfPage\":{\"@id\":\"https:\/\/tauchsportclub-mettingen.com\/index.php\/tauchkurse\/#primaryimage\"},\"image\":{\"@id\":\"https:\/\/tauchsportclub-mettingen.com\/index.php\/tauchkurse\/#primaryimage\"},\"thumbnailUrl\":\"https:\/\/tauchsportclub-mettingen.com\/wp-content\/uploads\/2024\/01\/WhatsApp-Image-2023-05-09-at-21.55.29.jpeg\",\"datePublished\":\"2026-01-12T14:44:18+00:00\",\"dateModified\":\"2026-01-12T15:15:13+00:00\",\"breadcrumb\":{\"@id\":\"https:\/\/tauchsportclub-mettingen.com\/index.php\/tauchkurse\/#breadcrumb\"},\"inLanguage\":\"de\",\"potentialAction\":[{\"@type\":\"ReadAction\",\"target\":[\"https:\/\/tauchsportclub-mettingen.com\/index.php\/tauchkurse\/\"]}]},{\"@type\":\"ImageObject\",\"inLanguage\":\"de\",\"@id\":\"https:\/\/tauchsportclub-mettingen.com\/index.php\/tauchkurse\/#primaryimage\",\"url\":\"https:\/\/tauchsportclub-mettingen.com\/wp-content\/uploads\/2024\/01\/WhatsApp-Image-2023-05-09-at-21.55.29.jpeg\",\"contentUrl\":\"https:\/\/tauchsportclub-mettingen.com\/wp-content\/uploads\/2024\/01\/WhatsApp-Image-2023-05-09-at-21.55.29.jpeg\",\"width\":1024,\"height\":768},{\"@type\":\"BreadcrumbList\",\"@id\":\"https:\/\/tauchsportclub-mettingen.com\/index.php\/tauchkurse\/#breadcrumb\",\"itemListElement\":[{\"@type\":\"ListItem\",\"position\":1,\"name\":\"Startseite\",\"item\":\"https:\/\/tauchsportclub-mettingen.com\/\"},{\"@type\":\"ListItem\",\"position\":2,\"name\":\"Tauchkurse\"}]},{\"@type\":\"WebSite\",\"@id\":\"https:\/\/tauchsportclub-mettingen.com\/#website\",\"url\":\"https:\/\/tauchsportclub-mettingen.com\/\",\"name\":\"Tauchsportclub Mettingen\",\"description\":\"\",\"publisher\":{\"@id\":\"https:\/\/tauchsportclub-mettingen.com\/#organization\"},\"potentialAction\":[{\"@type\":\"SearchAction\",\"target\":{\"@type\":\"EntryPoint\",\"urlTemplate\":\"https:\/\/tauchsportclub-mettingen.com\/?s={search_term_string}\"},\"query-input\":{\"@type\":\"PropertyValueSpecification\",\"valueRequired\":true,\"valueName\":\"search_term_string\"}}],\"inLanguage\":\"de\"},{\"@type\":\"Organization\",\"@id\":\"https:\/\/tauchsportclub-mettingen.com\/#organization\",\"name\":\"Tauchsportclub Mettingen\",\"url\":\"https:\/\/tauchsportclub-mettingen.com\/\",\"logo\":{\"@type\":\"ImageObject\",\"inLanguage\":\"de\",\"@id\":\"https:\/\/tauchsportclub-mettingen.com\/#\/schema\/logo\/image\/\",\"url\":\"https:\/\/tauchsportclub-mettingen.com\/wp-content\/uploads\/2023\/08\/cropped-553632cd3a3f328f3db3fa36f0d6ec20-2.jpg\",\"contentUrl\":\"https:\/\/tauchsportclub-mettingen.com\/wp-content\/uploads\/2023\/08\/cropped-553632cd3a3f328f3db3fa36f0d6ec20-2.jpg\",\"width\":850,\"height\":340,\"caption\":\"Tauchsportclub  Mettingen\"},\"image\":{\"@id\":\"https:\/\/tauchsportclub-mettingen.com\/#\/schema\/logo\/image\/\"}}]}<\/script>\n<!-- \/ Yoast SEO plugin. -->","yoast_head_json":{"title":"Tauchkurse - Tauchsportclub Mettingen","robots":{"index":"index","follow":"follow","max-snippet":"max-snippet:-1","max-image-preview":"max-image-preview:large","max-video-preview":"max-video-preview:-1"},"canonical":"https:\/\/tauchsportclub-mettingen.com\/index.php\/tauchkurse\/","og_locale":"de_DE","og_type":"article","og_title":"Tauchkurse - Tauchsportclub Mettingen","og_description":"Tauchen macht Spa\u00df \u2013 und der erste Schritt in dein Unterwasserabenteuer kann direkt in Mettingen beginnen. Erste Schritte im Hallenbad Mettingen Vom Hallenbad ins Freiwasser Weltweit g\u00fcltige Ausbildung","og_url":"https:\/\/tauchsportclub-mettingen.com\/index.php\/tauchkurse\/","og_site_name":"Tauchsportclub Mettingen","article_modified_time":"2026-01-12T15:15:13+00:00","og_image":[{"width":1024,"height":768,"url":"https:\/\/tauchsportclub-mettingen.com\/wp-content\/uploads\/2024\/01\/WhatsApp-Image-2023-05-09-at-21.55.29.jpeg","type":"image\/jpeg"}],"twitter_card":"summary_large_image","twitter_misc":{"Gesch\u00e4tzte Lesezeit":"2\u00a0Minuten"},"schema":{"@context":"https:\/\/schema.org","@graph":[{"@type":"WebPage","@id":"https:\/\/tauchsportclub-mettingen.com\/index.php\/tauchkurse\/","url":"https:\/\/tauchsportclub-mettingen.com\/index.php\/tauchkurse\/","name":"Tauchkurse - Tauchsportclub Mettingen","isPartOf":{"@id":"https:\/\/tauchsportclub-mettingen.com\/#website"},"primaryImageOfPage":{"@id":"https:\/\/tauchsportclub-mettingen.com\/index.php\/tauchkurse\/#primaryimage"},"image":{"@id":"https:\/\/tauchsportclub-mettingen.com\/index.php\/tauchkurse\/#primaryimage"},"thumbnailUrl":"https:\/\/tauchsportclub-mettingen.com\/wp-content\/uploads\/2024\/01\/WhatsApp-Image-2023-05-09-at-21.55.29.jpeg","datePublished":"2026-01-12T14:44:18+00:00","dateModified":"2026-01-12T15:15:13+00:00","breadcrumb":{"@id":"https:\/\/tauchsportclub-mettingen.com\/index.php\/tauchkurse\/#breadcrumb"},"inLanguage":"de","potentialAction":[{"@type":"ReadAction","target":["https:\/\/tauchsportclub-mettingen.com\/index.php\/tauchkurse\/"]}]},{"@type":"ImageObject","inLanguage":"de","@id":"https:\/\/tauchsportclub-mettingen.com\/index.php\/tauchkurse\/#primaryimage","url":"https:\/\/tauchsportclub-mettingen.com\/wp-content\/uploads\/2024\/01\/WhatsApp-Image-2023-05-09-at-21.55.29.jpeg","contentUrl":"https:\/\/tauchsportclub-mettingen.com\/wp-content\/uploads\/2024\/01\/WhatsApp-Image-2023-05-09-at-21.55.29.jpeg","width":1024,"height":768},{"@type":"BreadcrumbList","@id":"https:\/\/tauchsportclub-mettingen.com\/index.php\/tauchkurse\/#breadcrumb","itemListElement":[{"@type":"ListItem","position":1,"name":"Startseite","item":"https:\/\/tauchsportclub-mettingen.com\/"},{"@type":"ListItem","position":2,"name":"Tauchkurse"}]},{"@type":"WebSite","@id":"https:\/\/tauchsportclub-mettingen.com\/#website","url":"https:\/\/tauchsportclub-mettingen.com\/","name":"Tauchsportclub Mettingen","description":"","publisher":{"@id":"https:\/\/tauchsportclub-mettingen.com\/#organization"},"potentialAction":[{"@type":"SearchAction","target":{"@type":"EntryPoint","urlTemplate":"https:\/\/tauchsportclub-mettingen.com\/?s={search_term_string}"},"query-input":{"@type":"PropertyValueSpecification","valueRequired":true,"valueName":"search_term_string"}}],"inLanguage":"de"},{"@type":"Organization","@id":"https:\/\/tauchsportclub-mettingen.com\/#organization","name":"Tauchsportclub Mettingen","url":"https:\/\/tauchsportclub-mettingen.com\/","logo":{"@type":"ImageObject","inLanguage":"de","@id":"https:\/\/tauchsportclub-mettingen.com\/#\/schema\/logo\/image\/","url":"https:\/\/tauchsportclub-mettingen.com\/wp-content\/uploads\/2023\/08\/cropped-553632cd3a3f328f3db3fa36f0d6ec20-2.jpg","contentUrl":"https:\/\/tauchsportclub-mettingen.com\/wp-content\/uploads\/2023\/08\/cropped-553632cd3a3f328f3db3fa36f0d6ec20-2.jpg","width":850,"height":340,"caption":"Tauchsportclub  Mettingen"},"image":{"@id":"https:\/\/tauchsportclub-mettingen.com\/#\/schema\/logo\/image\/"}}]}},"_links":{"self":[{"href":"https:\/\/tauchsportclub-mettingen.com\/index.php\/wp-json\/wp\/v2\/pages\/1372","targetHints":{"allow":["GET"]}}],"collection":[{"href":"https:\/\/tauchsportclub-mettingen.com\/index.php\/wp-json\/wp\/v2\/pages"}],"about":[{"href":"https:\/\/tauchsportclub-mettingen.com\/index.php\/wp-json\/wp\/v2\/types\/page"}],"author":[{"embeddable":true,"href":"https:\/\/tauchsportclub-mettingen.com\/index.php\/wp-json\/wp\/v2\/users\/2"}],"replies":[{"embeddable":true,"href":"https:\/\/tauchsportclub-mettingen.com\/index.php\/wp-json\/wp\/v2\/comments?post=1372"}],"version-history":[{"count":8,"href":"https:\/\/tauchsportclub-mettingen.com\/index.php\/wp-json\/wp\/v2\/pages\/1372\/revisions"}],"predecessor-version":[{"id":1386,"href":"https:\/\/tauchsportclub-mettingen.com\/index.php\/wp-json\/wp\/v2\/pages\/1372\/revisions\/1386"}],"wp:featuredmedia":[{"embeddable":true,"href":"https:\/\/tauchsportclub-mettingen.com\/index.php\/wp-json\/wp\/v2\/media\/1341"}],"wp:attachment":[{"href":"https:\/\/tauchsportclub-mettingen.com\/index.php\/wp-json\/wp\/v2\/media?parent=1372"}],"curies":[{"name":"wp","href":"https:\/\/api.w.org\/{rel}","templated":true}]}}